{"id":74301,"date":"2025-01-05T17:40:34","date_gmt":"2025-01-05T17:40:34","guid":{"rendered":"https:\/\/lisconn.com\/bedingungen-konditionen\/"},"modified":"2025-07-18T16:01:20","modified_gmt":"2025-07-18T16:01:20","slug":"bedingungen-konditionen","status":"publish","type":"page","link":"https:\/\/lisconn.com\/de\/bedingungen-konditionen\/","title":{"rendered":"Bedingungen &amp; Konditionen"},"content":{"rendered":"<p>[et_pb_section fb_built=&#8220;1&#8243; theme_builder_area=&#8220;post_content&#8220; _builder_version=&#8220;4.27.4&#8243; _module_preset=&#8220;default&#8220;][et_pb_row _builder_version=&#8220;4.27.4&#8243; _module_preset=&#8220;default&#8220; theme_builder_area=&#8220;post_content&#8220;][et_pb_column _builder_version=&#8220;4.27.4&#8243; _module_preset=&#8220;default&#8220; type=&#8220;4_4&#8243; theme_builder_area=&#8220;post_content&#8220;][et_pb_text _builder_version=&#8220;4.27.4&#8243; _module_preset=&#8220;default&#8220; theme_builder_area=&#8220;post_content&#8220; hover_enabled=&#8220;0&#8243; sticky_enabled=&#8220;0&#8243;]<\/p>\n<h1>GESCH\u00c4FTS- UND LIEFERBEDINGUNGEN<\/h1>\n<h2>ABSCHNITT I: UMFANG<\/h2>\n<p>Die hier dargelegten &#8222;Allgemeinen Gesch\u00e4ftsbedingungen&#8220; sind die von Lisconn, einschlie\u00dflich aller seiner Tochtergesellschaften und Vertreter (im Folgenden als &#8222;Unternehmen&#8220; bezeichnet). Dementsprechend gelten diese &#8222;Allgemeinen Gesch\u00e4ftsbedingungen&#8220; f\u00fcr alle gegenteiligen Bedingungen und haben Vorrang vor allen anderen Bedingungen, einschlie\u00dflich derer, die in den vom Unternehmen erhaltenen Bestellungen und\/oder den vom Unternehmen abgeschlossenen Vertr\u00e4gen enthalten sind, sofern nicht ausdr\u00fccklich schriftlich etwas anderes vereinbart wurde, und zwar in Bezug auf alle Gesch\u00e4ftsvorg\u00e4nge oder Aktivit\u00e4ten, die zwischen dem Unternehmen und seinen Kunden oder potenziellen Kunden (im Folgenden als &#8222;Kunde&#8220; oder &#8222;Kunden&#8220; bezeichnet) durchgef\u00fchrt und\/oder abgeschlossen werden. <\/p>\n<h2>ABSCHNITT II: \u00c4NDERUNG DER BESTIMMUNGEN UND BEDINGUNGEN<\/h2>\n<p>(i) Keiner der von der Gesellschaft angebotenen Preise und keine der hierin festgelegten &#8222;Bedingungen&#8220; darf ohne die vorherige schriftliche Zustimmung eines ordnungsgem\u00e4\u00df bevollm\u00e4chtigten Vertreters der Gesellschaft (d.h. eines &#8222;Bevollm\u00e4chtigten&#8220; oder eines &#8222;Beauftragten&#8220;) in irgendeiner Weise ge\u00e4ndert oder modifiziert werden.<\/p>\n<p>(ii) Das Unternehmen beh\u00e4lt sich das Recht vor, von Zeit zu Zeit die angebotenen Preise zu \u00e4ndern und\/oder die angegebenen &#8222;Allgemeinen Gesch\u00e4ftsbedingungen&#8220; zu \u00e4ndern. In allen diesen F\u00e4llen wird das Unternehmen seine Kunden drei\u00dfig (30) Tage im Voraus schriftlich \u00fcber solche \u00c4nderungen informieren. Nach Ablauf dieser Frist treten die \u00c4nderungen in Kraft, es sei denn, die Parteien haben schriftlich etwas anderes vereinbart. <\/p>\n<h2>ABSCHNITT III: ANGEBOTE<\/h2>\n<p>(i) Preisangebote f\u00fcr Produkte und\/oder Dienstleistungen des Unternehmens gelten nur dann als g\u00fcltig oder verbindlich, wenn sie schriftlich auf einem formell gekennzeichneten &#8222;Angebotsformular&#8220; mit dem offiziellen Briefkopf des Unternehmens und der Unterschrift eines ordnungsgem\u00e4\u00df bevollm\u00e4chtigten &#8222;Gesch\u00e4ftsf\u00fchrers&#8220; oder &#8222;Vertreters&#8220; des Unternehmens erfolgen. Jedes dieser &#8222;Angebotsformulare&#8220; muss eine eindeutige &#8222;Referenznummer&#8220; tragen, die das Angebot an die spezifische Gesch\u00e4ftsm\u00f6glichkeit bindet, die angeboten wird, einschlie\u00dflich, aber nicht beschr\u00e4nkt auf Aspekte wie Design, anwendbare Spezifikationen, Verpackung, Materialversand usw. <\/p>\n<p>(ii) Sofern nicht anders angegeben, werden alle Angebote f\u00fcr die Produkte und\/oder Dienstleistungen des Unternehmens in Pfund Sterling erstellt und sind im Allgemeinen f\u00fcr einen Zeitraum von neunzig (90) Tagen nach dem Datum des Angebots g\u00fcltig.<\/p>\n<p>(iii) Bei allen \u00c4nderungen, die an den urspr\u00fcnglich vom Unternehmen angebotenen Produkten und\/oder Dienstleistungen vorgenommen oder vorgeschlagen werden, oder im Falle wirtschaftlicher Bedingungen, auf die das Unternehmen keinen Einfluss hat, beh\u00e4lt sich das Unternehmen das Recht vor, sein urspr\u00fcngliches Angebot f\u00fcr die Bereitstellung von Waren und\/oder Dienstleistungen entweder zur\u00fcckzuziehen oder zu \u00e4ndern. Im Falle eines solchen Ereignisses informiert das Unternehmen den Kunden im Voraus schriftlich \u00fcber die beabsichtigte Vorgehensweise, die mit der Zustellung sofort in Kraft tritt, es sei denn, es wurde schriftlich etwas anderes vereinbart und von den ordnungsgem\u00e4\u00df bevollm\u00e4chtigten Vertretern der Parteien unterzeichnet. <\/p>\n<h2>ABSCHNITT IV: PREISGESTALTUNG &amp; BESTELLUNGEN<\/h2>\n<p>(i) Alle Verk\u00e4ufe an einen Kunden erfolgen ausschlie\u00dflich auf der Grundlage der Zeichnungen, Spezifikationen, sonstigen Anforderungen, Mengenangaben und zu den Preisen, die auf dem formellen &#8222;Angebotsformular&#8220; des Unternehmens angegeben sind, was durch eine datierte Kopie desselben mit einer identifizierenden &#8222;Referenznummer&#8220; nachgewiesen wird.<\/p>\n<p>(ii) Alle Bestellungen f\u00fcr die Produkte und\/oder Dienstleistungen des Unternehmens m\u00fcssen schriftlich oder elektronisch erfolgen und den offiziellen Briefkopf des Kunden tragen. Dementsprechend sind alle Bestellungen an Lisconn zu richten, es sei denn, es ist ausdr\u00fccklich etwas anderes vorgesehen, und zwar in schriftlicher Form auf der Grundlage einer \u00fcbergeordneten &#8222;Kaufvereinbarung&#8220; zwischen den Parteien. <\/p>\n<p>(iii) Alle Bestellungen, die das Unternehmen erh\u00e4lt, egal aus welcher Quelle oder \u00fcber welchen Kanal, unterliegen der f\u00f6rmlichen Annahme durch Lisconn, die durch eine datierte Kopie des f\u00f6rmlichen &#8222;Bestellbest\u00e4tigungsformulars&#8220; oder ein elektronisches Faksimile davon mit dem offiziellen Briefkopf des Unternehmens nachgewiesen wird.<\/p>\n<h2>ABSCHNITT V: LIEFERUNG UND VERSAND DES PRODUKTS<\/h2>\n<p>(i) Die vom Unternehmen angegebenen und\/oder best\u00e4tigten Liefertermine sind ungef\u00e4hre Angaben und beruhen auf der Annahme, dass der Kunde alle erforderlichen Informationen und\/oder Materialien unverz\u00fcglich erh\u00e4lt und dass keine anderen mildernden Umst\u00e4nde vorliegen, die sich seiner direkten Kontrolle entziehen.<\/p>\n<p>(ii) Alle Lieferungen von Produkten, die von der Gesellschaft gekauft werden, erfolgen &#8222;F.O.B. Port of Embarkation&#8220;, sofern nicht schriftlich auf der Vorderseite der jeweiligen Bestellung(en) oder in einem \u00fcbergeordneten &#8222;Kaufvertrag&#8220; etwas anderes vorgesehen ist.<\/p>\n<h2>ABSCHNITT VI: BEDINGUNGEN, MITTEL UND ZAHLUNGSWEISE<\/h2>\n<p>(i) Sofern nichts anderes schriftlich vereinbart wurde, werden alle Rechnungen f\u00fcr die vom Unternehmen gelieferten Produkte und\/oder Dienstleistungen unter dem offiziellen Briefkopf von Lisconn oder dem von ihr benannten verbundenen Unternehmen\/Tochterunternehmen ausgestellt. Zahlungen sind innerhalb von drei\u00dfig (30) Tagen nach Rechnungsdatum f\u00e4llig, sofern nichts anderes vereinbart wurde. <\/p>\n<h2>ABSCHNITT VII: GARANTIEN UND HAFTUNGSAUSSCHL\u00dcSSE<\/h2>\n<p>(i) Das Unternehmen garantiert, dass alle von ihm entworfenen Produkte zum Zeitpunkt der Lieferung und f\u00fcr einen Zeitraum von einem (1) Jahr danach mit allen vertraglich vereinbarten Leistungsspezifikationen \u00fcbereinstimmen und diese erf\u00fcllen, vorausgesetzt, dass die Produkte nach der Lieferung in keiner Weise ver\u00e4ndert wurden.<\/p>\n<h2>ABSCHNITT VIII: ENTSCH\u00c4DIGUNGEN<\/h2>\n<p>(i) Das Unternehmen stellt den Kunden von allen Anspr\u00fcchen aus Rechtsverletzungen frei, die sich aus dem Verkauf der Produkte des Unternehmens ergeben, es sei denn, der Kunde hat fahrl\u00e4ssig gehandelt, falsche Angaben gemacht oder sie missbraucht.<\/p>\n<p>[\/et_pb_text][\/et_pb_column][\/et_pb_row][\/et_pb_section]<\/p>\n","protected":false},"excerpt":{"rendered":"<p>GESCH\u00c4FTS- UND LIEFERBEDINGUNGEN ABSCHNITT I: UMFANG Die hier dargelegten &#8222;Allgemeinen Gesch\u00e4ftsbedingungen&#8220; sind die von Lisconn, einschlie\u00dflich aller seiner Tochtergesellschaften und Vertreter (im Folgenden als &#8222;Unternehmen&#8220; bezeichnet). Dementsprechend gelten diese &#8222;Allgemeinen Gesch\u00e4ftsbedingungen&#8220; f\u00fcr alle gegenteiligen Bedingungen und haben Vorrang vor allen anderen Bedingungen, einschlie\u00dflich derer, die in den vom Unternehmen erhaltenen Bestellungen und\/oder den vom Unternehmen [&hellip;]<\/p>\n","protected":false},"author":4,"featured_media":0,"parent":0,"menu_order":0,"comment_status":"closed","ping_status":"closed","template":"","meta":{"_acf_changed":false,"_et_pb_use_builder":"on","_et_pb_old_content":"","_et_gb_content_width":"","inline_featured_image":false,"_monsterinsights_skip_tracking":false,"_monsterinsights_sitenote_active":false,"_monsterinsights_sitenote_note":"","_monsterinsights_sitenote_category":0,"footnotes":""},"difl_page_category":[],"class_list":["post-74301","page","type-page","status-publish","hentry"],"acf":[],"_links":{"self":[{"href":"https:\/\/lisconn.com\/de\/wp-json\/wp\/v2\/pages\/74301","targetHints":{"allow":["GET"]}}],"collection":[{"href":"https:\/\/lisconn.com\/de\/wp-json\/wp\/v2\/pages"}],"about":[{"href":"https:\/\/lisconn.com\/de\/wp-json\/wp\/v2\/types\/page"}],"author":[{"embeddable":true,"href":"https:\/\/lisconn.com\/de\/wp-json\/wp\/v2\/users\/4"}],"replies":[{"embeddable":true,"href":"https:\/\/lisconn.com\/de\/wp-json\/wp\/v2\/comments?post=74301"}],"version-history":[{"count":3,"href":"https:\/\/lisconn.com\/de\/wp-json\/wp\/v2\/pages\/74301\/revisions"}],"predecessor-version":[{"id":74305,"href":"https:\/\/lisconn.com\/de\/wp-json\/wp\/v2\/pages\/74301\/revisions\/74305"}],"wp:attachment":[{"href":"https:\/\/lisconn.com\/de\/wp-json\/wp\/v2\/media?parent=74301"}],"wp:term":[{"taxonomy":"difl_page_category","embeddable":true,"href":"https:\/\/lisconn.com\/de\/wp-json\/wp\/v2\/difl_page_category?post=74301"}],"curies":[{"name":"wp","href":"https:\/\/api.w.org\/{rel}","templated":true}]}}