{"id":74302,"date":"2025-01-05T17:38:23","date_gmt":"2025-01-05T17:38:23","guid":{"rendered":"https:\/\/lisconn.com\/datenschutzbestimmungen\/"},"modified":"2025-07-18T16:01:20","modified_gmt":"2025-07-18T16:01:20","slug":"datenschutzbestimmungen","status":"publish","type":"page","link":"https:\/\/lisconn.com\/de\/datenschutzbestimmungen\/","title":{"rendered":"Datenschutzbestimmungen"},"content":{"rendered":"<p>[et_pb_section fb_built=&#8220;1&#8243; _builder_version=&#8220;4.27.4&#8243; _module_preset=&#8220;default&#8220; global_colors_info=&#8220;{}&#8220;][et_pb_row _builder_version=&#8220;4.27.4&#8243; _module_preset=&#8220;default&#8220; global_colors_info=&#8220;{}&#8220;][et_pb_column type=&#8220;4_4&#8243; _builder_version=&#8220;4.27.4&#8243; _module_preset=&#8220;default&#8220; global_colors_info=&#8220;{}&#8220;][et_pb_text _builder_version=&#8220;4.27.4&#8243; _module_preset=&#8220;default&#8220; hover_enabled=&#8220;0&#8243; global_colors_info=&#8220;{}&#8220; sticky_enabled=&#8220;0&#8243;]<\/p>\n<h1>Datenschutzbestimmungen<\/h1>\n<p>Datum des Inkrafttretens: 26\/02\/2025<\/p>\n<p>Lisconn (&#8222;wir&#8220;, &#8222;uns&#8220;, &#8222;unser&#8220;) verpflichtet sich, Ihre Privatsph\u00e4re zu sch\u00fctzen und zu respektieren. Diese Datenschutzrichtlinie erl\u00e4utert, wie wir Ihre pers\u00f6nlichen Daten in \u00dcbereinstimmung mit der Allgemeinen Datenschutzverordnung (GDPR) erfassen, verwenden und sch\u00fctzen. <\/p>\n<h2>1. Informationen, die wir sammeln<\/h2>\n<p>Wir k\u00f6nnen die folgenden Daten \u00fcber Sie sammeln und verarbeiten:<\/p>\n<ul>\n<li>Informationen, die Sie beim Ausf\u00fcllen von Formularen auf unserer Website lisconn.com (unsere &#8222;Website&#8220;) angeben, z.B. bei der Registrierung, beim Abonnement von Dienstleistungen, beim Einstellen von Material oder beim Anfordern weiterer Dienstleistungen.<\/li>\n<li>Aufzeichnungen der Korrespondenz, wenn Sie uns kontaktieren.<\/li>\n<li>Einzelheiten zu den Transaktionen, die Sie \u00fcber unsere Website durchf\u00fchren, und zur Ausf\u00fchrung Ihrer Bestellungen.<\/li>\n<li>Informationen, die Sie bei der Teilnahme an Umfragen, Wettbewerben oder Werbeaktionen angeben.<\/li>\n<li>Details zu Ihren Besuchen auf unserer Website, einschlie\u00dflich Verkehrsdaten, Standortdaten, Weblogs und andere Kommunikationsdaten.<\/li>\n<li>Statistische Daten \u00fcber Ihr Ger\u00e4t und Ihre Browsing-Aktionen, wie IP-Adresse, Betriebssystem und Browsertyp.<\/li>\n<\/ul>\n<h2>2. Wie wir Ihre Informationen verwenden<\/h2>\n<p>Wir verwenden Ihre Daten f\u00fcr die folgenden Zwecke:<\/p>\n<ul>\n<li>Um die Inhalte unserer Website effektiv zu pr\u00e4sentieren.<\/li>\n<li>Um Sie mit Informationen, Produkten oder Dienstleistungen zu versorgen, die Sie angefordert haben oder die Sie interessieren k\u00f6nnten (mit Ihrer Zustimmung).<\/li>\n<li>Zur Erf\u00fcllung vertraglicher Verpflichtungen.<\/li>\n<li>Um die Teilnahme an interaktiven Funktionen unserer Dienste zu erm\u00f6glichen.<\/li>\n<li>Um Sie \u00fcber Service\u00e4nderungen zu informieren.<\/li>\n<li>Zur Durchf\u00fchrung von Kundensupport, Marketing und Analysen.<\/li>\n<\/ul>\n<p>Wenn Sie ein bestehender Kunde sind, k\u00f6nnen wir Sie auf elektronischem Wege (E-Mail oder SMS) mit Informationen \u00fcber \u00e4hnliche Waren und Dienstleistungen kontaktieren. Bei Neukunden werden wir Sie nur dann auf elektronischem Wege kontaktieren, wenn Sie zugestimmt haben. <\/p>\n<h2>3. Daten\u00fcbertragungen au\u00dferhalb des EWR<\/h2>\n<p>Die von uns erfassten Daten k\u00f6nnen an Orte au\u00dferhalb des Europ\u00e4ischen Wirtschaftsraums (EWR), einschlie\u00dflich der USA und Asien, \u00fcbertragen und dort gespeichert werden. Sie k\u00f6nnen auch von Mitarbeitern au\u00dferhalb des EWR verarbeitet werden, die mit Aktivit\u00e4ten wie der Auftragsabwicklung, der Zahlungsabwicklung und Support-Diensten befasst sind. Wir ergreifen angemessene Ma\u00dfnahmen, um die Datensicherheit und die Einhaltung der GDPR-Standards zu gew\u00e4hrleisten.  <\/p>\n<h2>4. Datenaufbewahrung<\/h2>\n<p>Wir bewahren Ihre pers\u00f6nlichen Daten nur so lange auf, wie es f\u00fcr die Erf\u00fcllung der Zwecke, f\u00fcr die sie erhoben wurden, erforderlich ist.<\/p>\n<h2>5. Gemeinsame Nutzung durch Dritte<\/h2>\n<p>Wir k\u00f6nnen zusammengefasste, nicht identifizierbare Daten an Werbetreibende weitergeben, um diese bei der Zielgruppenansprache zu unterst\u00fctzen. Ohne Ihre Zustimmung geben wir keine identifizierbaren pers\u00f6nlichen Daten an Werbetreibende weiter. <\/p>\n<h2>6. Ihre Rechte<\/h2>\n<p>Gem\u00e4\u00df GDPR haben Sie das Recht auf:<\/p>\n<ul>\n<li>Auf Ihre pers\u00f6nlichen Daten zuzugreifen, sie zu korrigieren oder zu l\u00f6schen.<\/li>\n<li>die Datenverarbeitung einschr\u00e4nken oder ihr widersprechen.<\/li>\n<li>Daten\u00fcbertragbarkeit.<\/li>\n<li>Sie k\u00f6nnen Ihre Zustimmung zu Marketingmitteilungen jederzeit widerrufen.<\/li>\n<\/ul>\n<p>F\u00fcr Anfragen zur Einsichtnahme kann eine Geb\u00fchr von \u00a310 zur Deckung der Verwaltungskosten erhoben werden.<\/p>\n<h2>7. Cookies<\/h2>\n<p>Unsere Verwendung von Cookies wird in einer separaten [Cookie-Richtlinie](Link einf\u00fcgen) beschrieben.<\/p>\n<h2>8. \u00c4nderungen an dieser Richtlinie<\/h2>\n<p>Wir k\u00f6nnen diese Datenschutzrichtlinie gelegentlich aktualisieren. \u00c4nderungen werden auf dieser Seite ver\u00f6ffentlicht und Ihnen ggf. per E-Mail mitgeteilt. <\/p>\n<h2>9. Kontaktinformationen<\/h2>\n<p>F\u00fcr alle GDPR-bezogenen Anfragen schreiben Sie bitte an:<\/p>\n<p>Lisconn, Suite K 12, Merlin Business Park, Burscough, UK, L40 8JY[\/et_pb_text][\/et_pb_column][\/et_pb_row][\/et_pb_section]<\/p>\n","protected":false},"excerpt":{"rendered":"<p>Datenschutzbestimmungen Datum des Inkrafttretens: 26\/02\/2025 Lisconn (&#8222;wir&#8220;, &#8222;uns&#8220;, &#8222;unser&#8220;) verpflichtet sich, Ihre Privatsph\u00e4re zu sch\u00fctzen und zu respektieren. Diese Datenschutzrichtlinie erl\u00e4utert, wie wir Ihre pers\u00f6nlichen Daten in \u00dcbereinstimmung mit der Allgemeinen Datenschutzverordnung (GDPR) erfassen, verwenden und sch\u00fctzen. 1. Informationen, die wir sammeln Wir k\u00f6nnen die folgenden Daten \u00fcber Sie sammeln und verarbeiten: Informationen, die Sie [&hellip;]<\/p>\n","protected":false},"author":4,"featured_media":0,"parent":0,"menu_order":0,"comment_status":"closed","ping_status":"closed","template":"","meta":{"_acf_changed":false,"_et_pb_use_builder":"on","_et_pb_old_content":"","_et_gb_content_width":"","inline_featured_image":false,"_monsterinsights_skip_tracking":false,"_monsterinsights_sitenote_active":false,"_monsterinsights_sitenote_note":"","_monsterinsights_sitenote_category":0,"footnotes":""},"difl_page_category":[],"class_list":["post-74302","page","type-page","status-publish","hentry"],"acf":[],"_links":{"self":[{"href":"https:\/\/lisconn.com\/de\/wp-json\/wp\/v2\/pages\/74302","targetHints":{"allow":["GET"]}}],"collection":[{"href":"https:\/\/lisconn.com\/de\/wp-json\/wp\/v2\/pages"}],"about":[{"href":"https:\/\/lisconn.com\/de\/wp-json\/wp\/v2\/types\/page"}],"author":[{"embeddable":true,"href":"https:\/\/lisconn.com\/de\/wp-json\/wp\/v2\/users\/4"}],"replies":[{"embeddable":true,"href":"https:\/\/lisconn.com\/de\/wp-json\/wp\/v2\/comments?post=74302"}],"version-history":[{"count":3,"href":"https:\/\/lisconn.com\/de\/wp-json\/wp\/v2\/pages\/74302\/revisions"}],"predecessor-version":[{"id":74308,"href":"https:\/\/lisconn.com\/de\/wp-json\/wp\/v2\/pages\/74302\/revisions\/74308"}],"wp:attachment":[{"href":"https:\/\/lisconn.com\/de\/wp-json\/wp\/v2\/media?parent=74302"}],"wp:term":[{"taxonomy":"difl_page_category","embeddable":true,"href":"https:\/\/lisconn.com\/de\/wp-json\/wp\/v2\/difl_page_category?post=74302"}],"curies":[{"name":"wp","href":"https:\/\/api.w.org\/{rel}","templated":true}]}}